{"id":8,"date":"2023-02-08T18:43:11","date_gmt":"2023-02-08T18:43:11","guid":{"rendered":"https:\/\/palegoldenrod-termite-770967.hostingersite.com\/index.php\/my-account\/"},"modified":"2023-03-28T17:36:23","modified_gmt":"2023-03-28T23:36:23","slug":"my-account","status":"publish","type":"page","link":"https:\/\/fincalospinos.mx\/index.php\/my-account\/","title":{"rendered":"Mi cuenta"},"content":{"rendered":"\t\t<div data-elementor-type=\"wp-page\" data-elementor-id=\"8\" class=\"elementor elementor-8\" data-elementor-post-type=\"page\">\n\t\t\t\t\t\t<section class=\"elementor-section elementor-top-section elementor-element elementor-element-3612f670 elementor-section-boxed elementor-section-height-default elementor-section-height-default\" data-id=\"3612f670\" data-element_type=\"section\" data-e-type=\"section\" data-settings=\"{&quot;background_background&quot;:&quot;classic&quot;}\">\n\t\t\t\t\t\t<div class=\"elementor-container elementor-column-gap-default\">\n\t\t\t\t\t<div class=\"elementor-column elementor-col-100 elementor-top-column elementor-element elementor-element-2ad087bc\" data-id=\"2ad087bc\" data-element_type=\"column\" data-e-type=\"column\">\n\t\t\t<div class=\"elementor-widget-wrap elementor-element-populated\">\n\t\t\t\t\t\t<div class=\"elementor-element elementor-element-11d7e20 e-my-account-tabs-vertical elementor-widget elementor-widget-woocommerce-my-account\" data-id=\"11d7e20\" data-element_type=\"widget\" data-e-type=\"widget\" data-widget_type=\"woocommerce-my-account.default\">\n\t\t\t\t<div class=\"elementor-widget-container\">\n\t\t\t\t\t<div class=\"e-my-account-tab e-my-account-tab__ \">\t\t\t<div class=\"woocommerce\"><\/div>\t\t<\/div>\n\t\t\t\t\t\t<\/div>\n\t\t\t\t<\/div>\n\t\t\t\t\t<\/div>\n\t\t<\/div>\n\t\t\t\t\t<\/div>\n\t\t<\/section>\n\t\t\t\t<\/div>\n\t\t","protected":false},"excerpt":{"rendered":"<p>Escritorio Reservaciones Datos de facturaci\u00f3n M\u00e9todos de pago Detalles de la cuenta Salir Appointments Hola Osvaldo Bautista (\u00bfno eres Osvaldo Bautista? Cerrar sesi\u00f3n) Desde el panel de control de tu cuenta puedes ver tus pedidos recientes, gestionar tus direcciones de env\u00edo y facturaci\u00f3n y editar tu contrase\u00f1a y los detalles de tu cuenta.<\/p>\n","protected":false},"author":1,"featured_media":0,"parent":0,"menu_order":0,"comment_status":"closed","ping_status":"closed","template":"elementor_header_footer","meta":{"_joinchat":[],"footnotes":""},"class_list":["post-8","page","type-page","status-publish","hentry"],"aioseo_notices":[],"jetpack_sharing_enabled":true,"_links":{"self":[{"href":"https:\/\/fincalospinos.mx\/index.php\/wp-json\/wp\/v2\/pages\/8","targetHints":{"allow":["GET"]}}],"collection":[{"href":"https:\/\/fincalospinos.mx\/index.php\/wp-json\/wp\/v2\/pages"}],"about":[{"href":"https:\/\/fincalospinos.mx\/index.php\/wp-json\/wp\/v2\/types\/page"}],"author":[{"embeddable":true,"href":"https:\/\/fincalospinos.mx\/index.php\/wp-json\/wp\/v2\/users\/1"}],"replies":[{"embeddable":true,"href":"https:\/\/fincalospinos.mx\/index.php\/wp-json\/wp\/v2\/comments?post=8"}],"version-history":[{"count":44,"href":"https:\/\/fincalospinos.mx\/index.php\/wp-json\/wp\/v2\/pages\/8\/revisions"}],"predecessor-version":[{"id":1008,"href":"https:\/\/fincalospinos.mx\/index.php\/wp-json\/wp\/v2\/pages\/8\/revisions\/1008"}],"wp:attachment":[{"href":"https:\/\/fincalospinos.mx\/index.php\/wp-json\/wp\/v2\/media?parent=8"}],"curies":[{"name":"wp","href":"https:\/\/api.w.org\/{rel}","templated":true}]}}