{"id":298,"date":"2023-02-08T19:21:10","date_gmt":"2023-02-08T19:21:10","guid":{"rendered":"https:\/\/palegoldenrod-termite-770967.hostingersite.com\/?post_type=product&#038;p=298"},"modified":"2023-11-09T11:43:45","modified_gmt":"2023-11-09T17:43:45","slug":"recorrido-por-la-finca","status":"publish","type":"product","link":"https:\/\/fincalospinos.mx\/index.php\/product\/recorrido-por-la-finca\/","title":{"rendered":"\u00bfQu\u00e9 incluye esta experiencia?"},"content":{"rendered":"<div class=\"page\" title=\"Page 2\">\n<div class=\"layoutArea\">\n<div class=\"column\">\n<p>Conocer\u00e1s el origen del caf\u00e9 desde la semilla, su cultivo y producci\u00f3n, el manejo org\u00e1nico y carbono neutral con que se produce este enigm\u00e1tico grano.<\/p>\n<p>\u00bfQUE\u0301 INCLUYE EL RECORRIDO?<\/p>\n<div class=\"page\" title=\"Page 2\">\n<div class=\"layoutArea\">\n<div class=\"column\">\n<div class=\"page\" title=\"Page 2\">\n<div class=\"layoutArea\">\n<div class=\"column\">\n<ul>\n<li>Visita al Vivero.<\/li>\n<li>Recorrido en la Finca Org\u00e1nica.<\/li>\n<li>Procesos de transformaci\u00f3n.<\/li>\n<li>Degustaci\u00f3n\u00a0y diferentes formas de preparar caf\u00e9<\/li>\n<li>Bocadillos dulces y salados, por supuesto, acompa\u00f1ados por el mejor caf\u00e9.<\/li>\n<\/ul>\n<\/div>\n<\/div>\n<div class=\"layoutArea\">\n<div class=\"column\">\n<p>Grupo <strong>m\u00ednimo<\/strong> de personas: <strong>4<\/strong><br \/>\nGrupo <strong>m\u00e1ximo<\/strong> de personas: <strong>10<\/strong><\/p>\n<div class=\"page\" title=\"Page 2\">\n<div class=\"layoutArea\">Selecciona el <strong>n\u00famero de personas y consulta las fechas disponibles<\/strong><\/div>\n<div><\/div>\n<\/div>\n<\/div>\n<\/div>\n<\/div>\n<\/div>\n<\/div>\n<\/div>\n<\/div>\n<\/div>\n<\/div>\n","protected":false},"excerpt":{"rendered":"<p>Conocer\u00e1s el origen del caf\u00e9 desde la semilla, su cultivo y producci\u00f3n, el manejo org\u00e1nico y carbono neutral con que se produce este enigm\u00e1tico grano. \u00bfQUE\u0301 INCLUYE EL RECORRIDO? Visita al Vivero. Recorrido en la Finca Org\u00e1nica. Procesos de transformaci\u00f3n. Degustaci\u00f3n\u00a0y diferentes formas de preparar caf\u00e9 Bocadillos dulces y salados, por supuesto, acompa\u00f1ados por el [&hellip;]<\/p>\n","protected":false},"featured_media":626,"template":"","meta":{"_joinchat":[]},"product_brand":[],"product_cat":[28],"product_tag":[],"class_list":{"0":"post-298","1":"product","2":"type-product","3":"status-publish","4":"has-post-thumbnail","6":"product_cat-recorridos","8":"first","9":"instock","10":"virtual","11":"purchasable","12":"product-type-appointment"},"exclude_global_add_ons":[],"addons":[],"aioseo_notices":[],"jetpack_sharing_enabled":true,"_links":{"self":[{"href":"https:\/\/fincalospinos.mx\/index.php\/wp-json\/wp\/v2\/product\/298","targetHints":{"allow":["GET"]}}],"collection":[{"href":"https:\/\/fincalospinos.mx\/index.php\/wp-json\/wp\/v2\/product"}],"about":[{"href":"https:\/\/fincalospinos.mx\/index.php\/wp-json\/wp\/v2\/types\/product"}],"wp:featuredmedia":[{"embeddable":true,"href":"https:\/\/fincalospinos.mx\/index.php\/wp-json\/wp\/v2\/media\/626"}],"wp:attachment":[{"href":"https:\/\/fincalospinos.mx\/index.php\/wp-json\/wp\/v2\/media?parent=298"}],"wp:term":[{"taxonomy":"product_brand","embeddable":true,"href":"https:\/\/fincalospinos.mx\/index.php\/wp-json\/wp\/v2\/product_brand?post=298"},{"taxonomy":"product_cat","embeddable":true,"href":"https:\/\/fincalospinos.mx\/index.php\/wp-json\/wp\/v2\/product_cat?post=298"},{"taxonomy":"product_tag","embeddable":true,"href":"https:\/\/fincalospinos.mx\/index.php\/wp-json\/wp\/v2\/product_tag?post=298"}],"curies":[{"name":"wp","href":"https:\/\/api.w.org\/{rel}","templated":true}]}}